{"id":11987,"date":"2020-02-15T10:36:19","date_gmt":"2020-02-15T10:36:19","guid":{"rendered":"https:\/\/fm-viptransfer.ch\/flotte-de-vehicules\/"},"modified":"2023-08-02T01:48:48","modified_gmt":"2023-08-02T01:48:48","slug":"flotte-de-vehicules","status":"publish","type":"page","link":"https:\/\/fm-viptransfer.ch\/fr\/flotte-de-vehicules\/","title":{"rendered":"Flotte de v\u00e9hicules"},"content":{"rendered":"\t\t<div data-elementor-type=\"wp-page\" data-elementor-id=\"11987\" class=\"elementor elementor-11987 elementor-14\">\n\t\t\t\t\t\t\t\t\t<section class=\"has_ae_slider elementor-section elementor-top-section elementor-element elementor-element-335be48 elementor-section-content-middle elementor-section-boxed elementor-section-height-default elementor-section-height-default ae-bg-gallery-type-default\" data-id=\"335be48\" data-element_type=\"section\">\n\t\t\t\t\t\t<div class=\"elementor-container elementor-column-gap-wider\">\n\t\t\t\t\t<div class=\"has_ae_slider elementor-column elementor-col-50 elementor-top-column elementor-element elementor-element-2fd1d98 ae-bg-gallery-type-default\" data-id=\"2fd1d98\" data-element_type=\"column\">\n\t\t\t<div class=\"elementor-widget-wrap elementor-element-populated\">\n\t\t\t\t\t\t\t\t<div class=\"elementor-element elementor-element-02e5323 elementor-widget elementor-widget-heading\" data-id=\"02e5323\" data-element_type=\"widget\" data-widget_type=\"heading.default\">\n\t\t\t\t<div class=\"elementor-widget-container\">\n\t\t\t<h2 class=\"elementor-heading-title elementor-size-default\">  Nos v\u00e9hicules<\/h2>\t\t<\/div>\n\t\t\t\t<\/div>\n\t\t\t\t\t<\/div>\n\t\t<\/div>\n\t\t\t\t<div class=\"has_ae_slider elementor-column elementor-col-50 elementor-top-column elementor-element elementor-element-ba1d692 ae-bg-gallery-type-default\" data-id=\"ba1d692\" data-element_type=\"column\">\n\t\t\t<div class=\"elementor-widget-wrap elementor-element-populated\">\n\t\t\t\t\t\t\t\t<div class=\"elementor-element elementor-element-31906f1 elementor-widget elementor-widget-heading\" data-id=\"31906f1\" data-element_type=\"widget\" data-widget_type=\"heading.default\">\n\t\t\t\t<div class=\"elementor-widget-container\">\n\t\t\t<h3 class=\"elementor-heading-title elementor-size-default\">Un bon service fait r\u00e9f\u00e9rence \u00e0 la qualit\u00e9 de l'assistance ou du soutien fourni par une entreprise ou une organisation, qui r\u00e9pond ou d\u00e9passe les attentes du client et conduit \u00e0 une exp\u00e9rience positive pour le client.\n\n\n\n\n<\/h3>\t\t<\/div>\n\t\t\t\t<\/div>\n\t\t\t\t\t<\/div>\n\t\t<\/div>\n\t\t\t\t\t\t\t<\/div>\n\t\t<\/section>\n\t\t\t\t<section class=\"has_ae_slider elementor-section elementor-top-section elementor-element elementor-element-89429a5 elementor-section-boxed elementor-section-height-default elementor-section-height-default ae-bg-gallery-type-default\" data-id=\"89429a5\" data-element_type=\"section\">\n\t\t\t\t\t\t<div class=\"elementor-container elementor-column-gap-wider\">\n\t\t\t\t\t<div class=\"has_ae_slider elementor-column elementor-col-100 elementor-top-column elementor-element elementor-element-7c339e62 ae-bg-gallery-type-default\" data-id=\"7c339e62\" data-element_type=\"column\">\n\t\t\t<div class=\"elementor-widget-wrap elementor-element-populated\">\n\t\t\t\t\t\t\t\t<div class=\"elementor-element elementor-element-aee4a1f preserve-img-ratio-cover elementor-widget elementor-widget-the7_elements\" data-id=\"aee4a1f\" data-element_type=\"widget\" data-widget_type=\"the7_elements.default\">\n\t\t\t\t<div class=\"elementor-widget-container\">\n\t\t\t<div class=\"portfolio-shortcode the7-elementor-widget the7_elements-aee4a1f mode-grid dt-css-grid-wrap classic-layout-list description-under-image meta-info-off content-bg-on resize-by-browser-width widget-with-filter loading-effect-none\" data-padding=\"30px\" data-mobile-columns-num=\"1\" data-tablet-columns-num=\"2\" data-desktop-columns-num=\"3\" data-wide-desktop-columns-num=\"3\" data-post-limit=\"-1\" data-pagination-mode=\"standard\" data-scroll-offset=\"\"><div class=\"iso-filter filter-decorations without-isotope css-grid-filter extras-off filter filter-pointer-default show-filter-categories   filter-underline-decoration\"><div class=\"filter-categories\" data-default-order=\"\" data-default-orderby=\"\"><a href=\"https:\/\/fm-viptransfer.ch\/fr\/flotte-de-vehicules\/\" class=\"show-all filter-item act\" data-filter=\"*\">Voir tous<\/a><a href=\"https:\/\/fm-viptransfer.ch\/fr\/flotte-de-vehicules\/?term=classe-economique\" class=\"filter-item classe-economique\" data-filter=\".category-165\">Classe \u00e9conomique<\/a><a href=\"https:\/\/fm-viptransfer.ch\/fr\/flotte-de-vehicules\/?term=classe-van-affaires\" class=\"filter-item classe-van-affaires\" data-filter=\".category-180\">Classe VAN Affaires<\/a><a href=\"https:\/\/fm-viptransfer.ch\/fr\/flotte-de-vehicules\/?term=compact-fr\" class=\"filter-item compact-fr\" data-filter=\".category-163\">Compact<\/a><a href=\"https:\/\/fm-viptransfer.ch\/fr\/flotte-de-vehicules\/?term=premiere-classe\" class=\"filter-item premiere-classe\" data-filter=\".category-168\">Premi\u00e8re classe<\/a><\/div><\/div><div class=\"dt-css-grid custom-pagination-handler\"><div class=\"visible wf-cell category-165 category-180 category-164\" data-post-id=\"12976\" data-date=\"2023-10-24T21:54:22+01:00\" data-name=\"Ford Tourneo\"><article class=\"post visible post-12976 dt_portfolio type-dt_portfolio status-publish has-post-thumbnail hentry dt_portfolio_category-classe-economique dt_portfolio_category-classe-van-affaires dt_portfolio_category-vehicules dt_portfolio_category-165 dt_portfolio_category-180 dt_portfolio_category-164 description-off\" data-name=\"Ford Tourneo\" data-date=\"2023-10-24T21:54:22+01:00\">\n\n\t<div class=\"post-thumbnail-wrap\">\n\t\t<div class=\"post-thumbnail\">\n\n\t\t\t<a class=\"post-thumbnail-rollover layzr-bg img-css-resize-wrapper\" aria-label=\"Image article\" href=\"https:\/\/fm-viptransfer.ch\/fr\/project\/ford-tourneo\/\"><img fetchpriority=\"high\" decoding=\"async\" width=\"640\" height=\"419\" src=\"data:image\/svg+xml,%3Csvg%20xmlns%3D&#039;http%3A%2F%2Fwww.w3.org%2F2000%2Fsvg&#039;%20viewBox%3D&#039;0%200%20640%20419&#039;%2F%3E\" class=\"attachment-full size-full preload-me aspect lazy lazy-load\" alt=\"\" style=\"--ratio: 640 \/ 419;\" data-src=\"https:\/\/fm-viptransfer.ch\/wp-content\/uploads\/2023\/10\/9112022TOURNEO-1-e1698186008636.jpg\" loading=\"eager\" \/><\/a>\n\t\t<\/div>\n\t<\/div>\n\n\n<div class=\"post-entry-content\">\n\n\t<h3 class=\"ele-entry-title\"><a href=\"https:\/\/fm-viptransfer.ch\/fr\/project\/ford-tourneo\/\" rel=\"bookmark\" title=\"Ford Tourneo\">Ford Tourneo<\/a><\/h3><div class=\"entry-excerpt\"><p>Tout nouveau Tourneo Custom Le Tourneo Custom place la barre plus haut dans le segment des v\u00e9hicules multi-activit\u00e9s, en combinant une nouvelle plate-forme con\u00e7ue pour offrir un maximum de polyvalence et de confort avec un espace spacieux pouvant accueillir jusqu&rsquo;\u00e0 neuf personnes, pour r\u00e9pondre aux besoins des clients professionnels et personnels.<\/p>\n<\/div><a href=\"https:\/\/fm-viptransfer.ch\/fr\/project\/ford-tourneo\/\" target=\"\" aria-label=\"En savoir plus sur Ford Tourneo\" class=\"box-button elementor-button elementor-size-xs\">sp\u00e9cifications<\/a>\n<\/div><\/article><\/div><div class=\"visible wf-cell category-165 category-164\" data-post-id=\"11983\" data-date=\"2023-07-17T14:58:14+01:00\" data-name=\"VW Sharan\"><article class=\"post visible post-11983 dt_portfolio type-dt_portfolio status-publish has-post-thumbnail hentry dt_portfolio_category-classe-economique dt_portfolio_category-vehicules\" data-name=\"VW Sharan\" data-date=\"2023-07-17T14:58:14+01:00\">\n\n\t<div class=\"post-thumbnail-wrap\">\n\t\t<div class=\"post-thumbnail\">\n\n\t\t\t<a class=\"post-thumbnail-rollover layzr-bg img-css-resize-wrapper\" aria-label=\"Image article\" href=\"https:\/\/fm-viptransfer.ch\/fr\/project\/vw-sharan\/\"><img decoding=\"async\" width=\"696\" height=\"386\" src=\"data:image\/svg+xml,%3Csvg%20xmlns%3D&#039;http%3A%2F%2Fwww.w3.org%2F2000%2Fsvg&#039;%20viewBox%3D&#039;0%200%20696%20386&#039;%2F%3E\" class=\"attachment-full size-full preload-me aspect lazy lazy-load\" alt=\"\" sizes=\"(max-width: 696px) 100vw, 696px\" style=\"--ratio: 696 \/ 386;\" data-src=\"https:\/\/fm-viptransfer.ch\/wp-content\/uploads\/2023\/05\/415662_01-e1682991268990.jpg\" loading=\"eager\" data-srcset=\"https:\/\/fm-viptransfer.ch\/wp-content\/uploads\/2023\/05\/415662_01-e1682991268990.jpg 696w, https:\/\/fm-viptransfer.ch\/wp-content\/uploads\/2023\/05\/415662_01-e1682991268990-300x166.jpg 300w, https:\/\/fm-viptransfer.ch\/wp-content\/uploads\/2023\/05\/415662_01-e1682991268990-460x255.jpg 460w\" \/><\/a>\n\t\t<\/div>\n\t<\/div>\n\n\n<div class=\"post-entry-content\">\n\n\t<h3 class=\"ele-entry-title\"><a href=\"https:\/\/fm-viptransfer.ch\/fr\/project\/vw-sharan\/\" rel=\"bookmark\" title=\"VW Sharan\">VW Sharan<\/a><\/h3><div class=\"entry-excerpt\"><p>Le Volkswagen Sharan est un monospace sept places polyvalent et spacieux qui offre une exp\u00e9rience de conduite confortable et pratique, id\u00e9ale pour les familles ou ceux qui ont besoin d&rsquo;un grand espace de chargement.<\/p>\n<\/div><a href=\"https:\/\/fm-viptransfer.ch\/fr\/project\/vw-sharan\/\" target=\"\" aria-label=\"En savoir plus sur VW Sharan\" class=\"box-button elementor-button elementor-size-xs\">sp\u00e9cifications<\/a>\n<\/div><\/article><\/div><div class=\"visible wf-cell category-163\" data-post-id=\"11971\" data-date=\"2020-02-20T10:05:59+01:00\" data-name=\"Mercedes Classe E\"><article class=\"post visible post-11971 dt_portfolio type-dt_portfolio status-publish has-post-thumbnail hentry dt_portfolio_category-compact-fr\" data-name=\"Mercedes Classe E\" data-date=\"2020-02-20T10:05:59+01:00\">\n\n\t<div class=\"post-thumbnail-wrap\">\n\t\t<div class=\"post-thumbnail\">\n\n\t\t\t<a class=\"post-thumbnail-rollover layzr-bg img-css-resize-wrapper\" aria-label=\"Image article\" href=\"https:\/\/fm-viptransfer.ch\/fr\/project\/mercedes-classe-e\/\"><img decoding=\"async\" width=\"709\" height=\"400\" src=\"data:image\/svg+xml,%3Csvg%20xmlns%3D&#039;http%3A%2F%2Fwww.w3.org%2F2000%2Fsvg&#039;%20viewBox%3D&#039;0%200%20709%20400&#039;%2F%3E\" class=\"attachment-full size-full preload-me aspect lazy lazy-load\" alt=\"\" sizes=\"(max-width: 709px) 100vw, 709px\" style=\"--ratio: 709 \/ 400;\" data-src=\"https:\/\/fm-viptransfer.ch\/wp-content\/uploads\/2023\/04\/s-e1689558992197.png\" loading=\"eager\" data-srcset=\"https:\/\/fm-viptransfer.ch\/wp-content\/uploads\/2023\/04\/s-e1689558992197.png 709w, https:\/\/fm-viptransfer.ch\/wp-content\/uploads\/2023\/04\/s-e1689558992197-300x169.png 300w, https:\/\/fm-viptransfer.ch\/wp-content\/uploads\/2023\/04\/s-e1689558992197-460x260.png 460w\" \/><\/a>\n\t\t<\/div>\n\t<\/div>\n\n\n<div class=\"post-entry-content\">\n\n\t<h3 class=\"ele-entry-title\"><a href=\"https:\/\/fm-viptransfer.ch\/fr\/project\/mercedes-classe-e\/\" rel=\"bookmark\" title=\"Mercedes Classe E\">Mercedes Classe E<\/a><\/h3><div class=\"entry-excerpt\"><p>La Classe E est une voiture de luxe de taille moyenne fabriqu\u00e9e par Mercedes-Benz, connue pour son style sophistiqu\u00e9, sa technologie innovante et son confort de conduite.<\/p>\n<\/div><a href=\"https:\/\/fm-viptransfer.ch\/fr\/project\/mercedes-classe-e\/\" target=\"\" aria-label=\"En savoir plus sur Mercedes Classe E\" class=\"box-button elementor-button elementor-size-xs\">sp\u00e9cifications<\/a>\n<\/div><\/article><\/div><div class=\"visible wf-cell category-180 category-163 category-164\" data-post-id=\"11976\" data-date=\"2020-02-19T23:06:13+01:00\" data-name=\"Mercedes Classe V\"><article class=\"post visible post-11976 dt_portfolio type-dt_portfolio status-publish has-post-thumbnail hentry dt_portfolio_category-classe-van-affaires dt_portfolio_category-compact-fr dt_portfolio_category-vehicules\" data-name=\"Mercedes Classe V\" data-date=\"2020-02-19T23:06:13+01:00\">\n\n\t<div class=\"post-thumbnail-wrap\">\n\t\t<div class=\"post-thumbnail\">\n\n\t\t\t<a class=\"post-thumbnail-rollover layzr-bg img-css-resize-wrapper\" aria-label=\"Image article\" href=\"https:\/\/fm-viptransfer.ch\/fr\/project\/mercedes-classe-v\/\"><img decoding=\"async\" width=\"709\" height=\"400\" src=\"data:image\/svg+xml,%3Csvg%20xmlns%3D&#039;http%3A%2F%2Fwww.w3.org%2F2000%2Fsvg&#039;%20viewBox%3D&#039;0%200%20709%20400&#039;%2F%3E\" class=\"attachment-full size-full preload-me aspect lazy lazy-load\" alt=\"\" sizes=\"(max-width: 709px) 100vw, 709px\" style=\"--ratio: 709 \/ 400;\" data-src=\"https:\/\/fm-viptransfer.ch\/wp-content\/uploads\/2023\/04\/kombi.png\" loading=\"eager\" data-srcset=\"https:\/\/fm-viptransfer.ch\/wp-content\/uploads\/2023\/04\/kombi.png 709w, https:\/\/fm-viptransfer.ch\/wp-content\/uploads\/2023\/04\/kombi-300x169.png 300w, https:\/\/fm-viptransfer.ch\/wp-content\/uploads\/2023\/04\/kombi-460x260.png 460w\" \/><\/a>\n\t\t<\/div>\n\t<\/div>\n\n\n<div class=\"post-entry-content\">\n\n\t<h3 class=\"ele-entry-title\"><a href=\"https:\/\/fm-viptransfer.ch\/fr\/project\/mercedes-classe-v\/\" rel=\"bookmark\" title=\"Mercedes Classe V\">Mercedes Classe V<\/a><\/h3><div class=\"entry-excerpt\"><p>La Mercedes Classe V est un luxueux v\u00e9hicule polyvalent (MPV) qui allie praticit\u00e9 et confort, offrant un vaste espace et des fonctionnalit\u00e9s avanc\u00e9es pour les passagers et les conducteurs.<\/p>\n<\/div><a href=\"https:\/\/fm-viptransfer.ch\/fr\/project\/mercedes-classe-v\/\" target=\"\" aria-label=\"En savoir plus sur Mercedes Classe V\" class=\"box-button elementor-button elementor-size-xs\">sp\u00e9cifications<\/a>\n<\/div><\/article><\/div><div class=\"visible wf-cell category-168 category-164\" data-post-id=\"11980\" data-date=\"2020-02-18T09:32:38+01:00\" data-name=\"Mercedes Classe S\"><article class=\"post visible post-11980 dt_portfolio type-dt_portfolio status-publish has-post-thumbnail hentry dt_portfolio_category-premiere-classe dt_portfolio_category-vehicules\" data-name=\"Mercedes Classe S\" data-date=\"2020-02-18T09:32:38+01:00\">\n\n\t<div class=\"post-thumbnail-wrap\">\n\t\t<div class=\"post-thumbnail\">\n\n\t\t\t<a class=\"post-thumbnail-rollover layzr-bg img-css-resize-wrapper\" aria-label=\"Image article\" href=\"https:\/\/fm-viptransfer.ch\/fr\/project\/mercedes-classe-s\/\"><img decoding=\"async\" width=\"709\" height=\"400\" src=\"data:image\/svg+xml,%3Csvg%20xmlns%3D&#039;http%3A%2F%2Fwww.w3.org%2F2000%2Fsvg&#039;%20viewBox%3D&#039;0%200%20709%20400&#039;%2F%3E\" class=\"attachment-full size-full preload-me aspect lazy lazy-load\" alt=\"\" sizes=\"(max-width: 709px) 100vw, 709px\" style=\"--ratio: 709 \/ 400;\" data-src=\"https:\/\/fm-viptransfer.ch\/wp-content\/uploads\/2023\/04\/ss.png\" loading=\"eager\" data-srcset=\"https:\/\/fm-viptransfer.ch\/wp-content\/uploads\/2023\/04\/ss.png 709w, https:\/\/fm-viptransfer.ch\/wp-content\/uploads\/2023\/04\/ss-300x169.png 300w, https:\/\/fm-viptransfer.ch\/wp-content\/uploads\/2023\/04\/ss-460x260.png 460w\" \/><\/a>\n\t\t<\/div>\n\t<\/div>\n\n\n<div class=\"post-entry-content\">\n\n\t<h3 class=\"ele-entry-title\"><a href=\"https:\/\/fm-viptransfer.ch\/fr\/project\/mercedes-classe-s\/\" rel=\"bookmark\" title=\"Mercedes Classe S\">Mercedes Classe S<\/a><\/h3><div class=\"entry-excerpt\"><p>La Mercedes Classe S est une berline de luxe qui \u00e9tablit la norme en mati\u00e8re de confort, de performance et de technologie avanc\u00e9e, et qui s&rsquo;adresse aux acheteurs les plus exigeants.<\/p>\n<\/div><a href=\"https:\/\/fm-viptransfer.ch\/fr\/project\/mercedes-classe-s\/\" target=\"\" aria-label=\"En savoir plus sur Mercedes Classe S\" class=\"box-button elementor-button elementor-size-xs\">sp\u00e9cifications<\/a>\n<\/div><\/article><\/div><div class=\"visible wf-cell category-180 category-164\" data-post-id=\"11972\" data-date=\"2020-02-17T14:48:27+01:00\" data-name=\"Mercedes Sprinter\"><article class=\"post visible post-11972 dt_portfolio type-dt_portfolio status-publish has-post-thumbnail hentry dt_portfolio_category-classe-van-affaires dt_portfolio_category-vehicules\" data-name=\"Mercedes Sprinter\" data-date=\"2020-02-17T14:48:27+01:00\">\n\n\t<div class=\"post-thumbnail-wrap\">\n\t\t<div class=\"post-thumbnail\">\n\n\t\t\t<a class=\"post-thumbnail-rollover layzr-bg img-css-resize-wrapper\" aria-label=\"Image article\" href=\"https:\/\/fm-viptransfer.ch\/fr\/project\/mercedes-sprinter\/\"><img decoding=\"async\" width=\"640\" height=\"480\" src=\"data:image\/svg+xml,%3Csvg%20xmlns%3D&#039;http%3A%2F%2Fwww.w3.org%2F2000%2Fsvg&#039;%20viewBox%3D&#039;0%200%20640%20480&#039;%2F%3E\" class=\"attachment-full size-full preload-me aspect lazy lazy-load\" alt=\"\" sizes=\"(max-width: 640px) 100vw, 640px\" style=\"--ratio: 640 \/ 480;\" data-src=\"https:\/\/fm-viptransfer.ch\/wp-content\/uploads\/2020\/02\/sprinter15high.png\" loading=\"eager\" data-srcset=\"https:\/\/fm-viptransfer.ch\/wp-content\/uploads\/2020\/02\/sprinter15high.png 640w, https:\/\/fm-viptransfer.ch\/wp-content\/uploads\/2020\/02\/sprinter15high-300x225.png 300w, https:\/\/fm-viptransfer.ch\/wp-content\/uploads\/2020\/02\/sprinter15high-408x306.png 408w\" \/><\/a>\n\t\t<\/div>\n\t<\/div>\n\n\n<div class=\"post-entry-content\">\n\n\t<h3 class=\"ele-entry-title\"><a href=\"https:\/\/fm-viptransfer.ch\/fr\/project\/mercedes-sprinter\/\" rel=\"bookmark\" title=\"Mercedes Sprinter\">Mercedes Sprinter<\/a><\/h3><div class=\"entry-excerpt\"><p>Le Mercedes-Benz Sprinter est un fourgon commercial fiable et hautement personnalisable qui offre une capacit\u00e9 de chargement impressionnante et des fonctionnalit\u00e9s avanc\u00e9es pour les entreprises de toutes tailles.<\/p>\n<\/div><a href=\"https:\/\/fm-viptransfer.ch\/fr\/project\/mercedes-sprinter\/\" target=\"\" aria-label=\"En savoir plus sur Mercedes Sprinter\" class=\"box-button elementor-button elementor-size-xs\">sp\u00e9cifications<\/a>\n<\/div><\/article><\/div><\/div><!-- iso-container|iso-grid --><\/div>\t\t<\/div>\n\t\t\t\t<\/div>\n\t\t\t\t\t<\/div>\n\t\t<\/div>\n\t\t\t\t\t\t\t<\/div>\n\t\t<\/section>\n\t\t\t\t\t\t\t<\/div>\n\t\t","protected":false},"excerpt":{"rendered":"<p>Nos v\u00e9hicules Un bon service fait r\u00e9f\u00e9rence \u00e0 la qualit\u00e9 de l&rsquo;assistance ou du soutien fourni par une entreprise ou une organisation, qui r\u00e9pond ou d\u00e9passe les attentes du client et conduit \u00e0 une exp\u00e9rience positive pour le client. Voir tousBusiness ClassEconomy ClassFirst ClassBusiness VAN Class VW Sharan The Volkswagen Sharan is a versatile and&hellip;<\/p>\n","protected":false},"author":1,"featured_media":0,"parent":0,"menu_order":30,"comment_status":"closed","ping_status":"closed","template":"elementor_header_footer","meta":{"_joinchat":[],"footnotes":""},"class_list":["post-11987","page","type-page","status-publish","hentry"],"yoast_head":"<!-- This site is optimized with the Yoast SEO Premium plugin v20.12 (Yoast SEO v20.12) - https:\/\/yoast.com\/wordpress\/plugins\/seo\/ -->\n<title>Flotte de v\u00e9hicules - Taxi Booking<\/title>\n<meta name=\"robots\" content=\"index, follow, max-snippet:-1, max-image-preview:large, max-video-preview:-1\" \/>\n<link rel=\"canonical\" href=\"https:\/\/fm-viptransfer.ch\/vehicle-fleet\/\" \/>\n<meta property=\"og:locale\" content=\"fr_FR\" \/>\n<meta property=\"og:type\" content=\"article\" \/>\n<meta property=\"og:title\" content=\"Flotte de v\u00e9hicules\" \/>\n<meta property=\"og:description\" content=\"Nos v\u00e9hicules Un bon service fait r\u00e9f\u00e9rence \u00e0 la qualit\u00e9 de l&rsquo;assistance ou du soutien fourni par une entreprise ou une organisation, qui r\u00e9pond ou d\u00e9passe les attentes du client et conduit \u00e0 une exp\u00e9rience positive pour le client. Voir tousBusiness ClassEconomy ClassFirst ClassBusiness VAN Class VW Sharan The Volkswagen Sharan is a versatile and&hellip;\" \/>\n<meta property=\"og:url\" content=\"https:\/\/fm-viptransfer.ch\/vehicle-fleet\/\" \/>\n<meta property=\"og:site_name\" content=\"Taxi Booking\" \/>\n<meta property=\"article:modified_time\" content=\"2023-08-02T01:48:48+00:00\" \/>\n<meta name=\"twitter:card\" content=\"summary_large_image\" \/>\n<meta name=\"twitter:label1\" content=\"Dur\u00e9e de lecture estim\u00e9e\" \/>\n\t<meta name=\"twitter:data1\" content=\"1 minute\" \/>\n<script type=\"application\/ld+json\" class=\"yoast-schema-graph\">{\"@context\":\"https:\/\/schema.org\",\"@graph\":[{\"@type\":\"WebPage\",\"@id\":\"https:\/\/fm-viptransfer.ch\/vehicle-fleet\/\",\"url\":\"https:\/\/fm-viptransfer.ch\/vehicle-fleet\/\",\"name\":\"Flotte de v\u00e9hicules - Taxi Booking\",\"isPartOf\":{\"@id\":\"https:\/\/fm-viptransfer.ch\/#website\"},\"datePublished\":\"2020-02-15T10:36:19+00:00\",\"dateModified\":\"2023-08-02T01:48:48+00:00\",\"breadcrumb\":{\"@id\":\"https:\/\/fm-viptransfer.ch\/vehicle-fleet\/#breadcrumb\"},\"inLanguage\":\"fr-FR\",\"potentialAction\":[{\"@type\":\"ReadAction\",\"target\":[\"https:\/\/fm-viptransfer.ch\/vehicle-fleet\/\"]}]},{\"@type\":\"BreadcrumbList\",\"@id\":\"https:\/\/fm-viptransfer.ch\/vehicle-fleet\/#breadcrumb\",\"itemListElement\":[{\"@type\":\"ListItem\",\"position\":1,\"name\":\"Home\",\"item\":\"https:\/\/fm-viptransfer.ch\/\"},{\"@type\":\"ListItem\",\"position\":2,\"name\":\"Flotte de v\u00e9hicules\"}]},{\"@type\":\"WebSite\",\"@id\":\"https:\/\/fm-viptransfer.ch\/#website\",\"url\":\"https:\/\/fm-viptransfer.ch\/\",\"name\":\"Taxi Booking\",\"description\":\"To book a taxi is easy. Book your taxi whenever you want. Fill the form\",\"publisher\":{\"@id\":\"https:\/\/fm-viptransfer.ch\/#organization\"},\"potentialAction\":[{\"@type\":\"SearchAction\",\"target\":{\"@type\":\"EntryPoint\",\"urlTemplate\":\"https:\/\/fm-viptransfer.ch\/?s={search_term_string}\"},\"query-input\":\"required name=search_term_string\"}],\"inLanguage\":\"fr-FR\"},{\"@type\":[\"Organization\",\"Place\"],\"@id\":\"https:\/\/fm-viptransfer.ch\/#organization\",\"name\":\"Taxi Booking\",\"url\":\"https:\/\/fm-viptransfer.ch\/\",\"logo\":{\"@id\":\"https:\/\/fm-viptransfer.ch\/vehicle-fleet\/#local-main-organization-logo\"},\"image\":{\"@id\":\"https:\/\/fm-viptransfer.ch\/vehicle-fleet\/#local-main-organization-logo\"},\"openingHoursSpecification\":[{\"@type\":\"OpeningHoursSpecification\",\"dayOfWeek\":[\"Monday\",\"Tuesday\",\"Wednesday\",\"Thursday\",\"Friday\",\"Saturday\",\"Sunday\"],\"opens\":\"09:00\",\"closes\":\"17:00\"}]},{\"@type\":\"ImageObject\",\"inLanguage\":\"fr-FR\",\"@id\":\"https:\/\/fm-viptransfer.ch\/vehicle-fleet\/#local-main-organization-logo\",\"url\":\"https:\/\/fm-viptransfer.ch\/wp-content\/uploads\/2023\/03\/cropped-og-myworld.jpg\",\"contentUrl\":\"https:\/\/fm-viptransfer.ch\/wp-content\/uploads\/2023\/03\/cropped-og-myworld.jpg\",\"width\":1180,\"height\":317,\"caption\":\"Taxi Booking\"}]}<\/script>\n<!-- \/ Yoast SEO Premium plugin. -->","yoast_head_json":{"title":"Flotte de v\u00e9hicules - Taxi Booking","robots":{"index":"index","follow":"follow","max-snippet":"max-snippet:-1","max-image-preview":"max-image-preview:large","max-video-preview":"max-video-preview:-1"},"canonical":"https:\/\/fm-viptransfer.ch\/vehicle-fleet\/","og_locale":"fr_FR","og_type":"article","og_title":"Flotte de v\u00e9hicules","og_description":"Nos v\u00e9hicules Un bon service fait r\u00e9f\u00e9rence \u00e0 la qualit\u00e9 de l&rsquo;assistance ou du soutien fourni par une entreprise ou une organisation, qui r\u00e9pond ou d\u00e9passe les attentes du client et conduit \u00e0 une exp\u00e9rience positive pour le client. Voir tousBusiness ClassEconomy ClassFirst ClassBusiness VAN Class VW Sharan The Volkswagen Sharan is a versatile and&hellip;","og_url":"https:\/\/fm-viptransfer.ch\/vehicle-fleet\/","og_site_name":"Taxi Booking","article_modified_time":"2023-08-02T01:48:48+00:00","twitter_card":"summary_large_image","twitter_misc":{"Dur\u00e9e de lecture estim\u00e9e":"1 minute"},"schema":{"@context":"https:\/\/schema.org","@graph":[{"@type":"WebPage","@id":"https:\/\/fm-viptransfer.ch\/vehicle-fleet\/","url":"https:\/\/fm-viptransfer.ch\/vehicle-fleet\/","name":"Flotte de v\u00e9hicules - Taxi Booking","isPartOf":{"@id":"https:\/\/fm-viptransfer.ch\/#website"},"datePublished":"2020-02-15T10:36:19+00:00","dateModified":"2023-08-02T01:48:48+00:00","breadcrumb":{"@id":"https:\/\/fm-viptransfer.ch\/vehicle-fleet\/#breadcrumb"},"inLanguage":"fr-FR","potentialAction":[{"@type":"ReadAction","target":["https:\/\/fm-viptransfer.ch\/vehicle-fleet\/"]}]},{"@type":"BreadcrumbList","@id":"https:\/\/fm-viptransfer.ch\/vehicle-fleet\/#breadcrumb","itemListElement":[{"@type":"ListItem","position":1,"name":"Home","item":"https:\/\/fm-viptransfer.ch\/"},{"@type":"ListItem","position":2,"name":"Flotte de v\u00e9hicules"}]},{"@type":"WebSite","@id":"https:\/\/fm-viptransfer.ch\/#website","url":"https:\/\/fm-viptransfer.ch\/","name":"Taxi Booking","description":"To book a taxi is easy. Book your taxi whenever you want. Fill the form","publisher":{"@id":"https:\/\/fm-viptransfer.ch\/#organization"},"potentialAction":[{"@type":"SearchAction","target":{"@type":"EntryPoint","urlTemplate":"https:\/\/fm-viptransfer.ch\/?s={search_term_string}"},"query-input":"required name=search_term_string"}],"inLanguage":"fr-FR"},{"@type":["Organization","Place"],"@id":"https:\/\/fm-viptransfer.ch\/#organization","name":"Taxi Booking","url":"https:\/\/fm-viptransfer.ch\/","logo":{"@id":"https:\/\/fm-viptransfer.ch\/vehicle-fleet\/#local-main-organization-logo"},"image":{"@id":"https:\/\/fm-viptransfer.ch\/vehicle-fleet\/#local-main-organization-logo"},"openingHoursSpecification":[{"@type":"OpeningHoursSpecification","dayOfWeek":["Monday","Tuesday","Wednesday","Thursday","Friday","Saturday","Sunday"],"opens":"09:00","closes":"17:00"}]},{"@type":"ImageObject","inLanguage":"fr-FR","@id":"https:\/\/fm-viptransfer.ch\/vehicle-fleet\/#local-main-organization-logo","url":"https:\/\/fm-viptransfer.ch\/wp-content\/uploads\/2023\/03\/cropped-og-myworld.jpg","contentUrl":"https:\/\/fm-viptransfer.ch\/wp-content\/uploads\/2023\/03\/cropped-og-myworld.jpg","width":1180,"height":317,"caption":"Taxi Booking"}]}},"_links":{"self":[{"href":"https:\/\/fm-viptransfer.ch\/fr\/wp-json\/wp\/v2\/pages\/11987","targetHints":{"allow":["GET"]}}],"collection":[{"href":"https:\/\/fm-viptransfer.ch\/fr\/wp-json\/wp\/v2\/pages"}],"about":[{"href":"https:\/\/fm-viptransfer.ch\/fr\/wp-json\/wp\/v2\/types\/page"}],"author":[{"embeddable":true,"href":"https:\/\/fm-viptransfer.ch\/fr\/wp-json\/wp\/v2\/users\/1"}],"replies":[{"embeddable":true,"href":"https:\/\/fm-viptransfer.ch\/fr\/wp-json\/wp\/v2\/comments?post=11987"}],"version-history":[{"count":4,"href":"https:\/\/fm-viptransfer.ch\/fr\/wp-json\/wp\/v2\/pages\/11987\/revisions"}],"predecessor-version":[{"id":12615,"href":"https:\/\/fm-viptransfer.ch\/fr\/wp-json\/wp\/v2\/pages\/11987\/revisions\/12615"}],"wp:attachment":[{"href":"https:\/\/fm-viptransfer.ch\/fr\/wp-json\/wp\/v2\/media?parent=11987"}],"curies":[{"name":"wp","href":"https:\/\/api.w.org\/{rel}","templated":true}]}}