{"id":11745,"date":"2020-02-15T10:36:19","date_gmt":"2020-02-15T10:36:19","guid":{"rendered":"https:\/\/fm-viptransfer.ch\/fahrzeugflotte\/"},"modified":"2023-08-02T01:48:48","modified_gmt":"2023-08-02T01:48:48","slug":"fahrzeugflotte","status":"publish","type":"page","link":"https:\/\/fm-viptransfer.ch\/de\/fahrzeugflotte\/","title":{"rendered":"Fahrzeugflotte"},"content":{"rendered":"\t\t<div data-elementor-type=\"wp-page\" data-elementor-id=\"11745\" class=\"elementor elementor-11745 elementor-14\">\n\t\t\t\t\t\t\t\t\t<section class=\"has_ae_slider elementor-section elementor-top-section elementor-element elementor-element-335be48 elementor-section-content-middle elementor-section-boxed elementor-section-height-default elementor-section-height-default ae-bg-gallery-type-default\" data-id=\"335be48\" data-element_type=\"section\">\n\t\t\t\t\t\t<div class=\"elementor-container elementor-column-gap-wider\">\n\t\t\t\t\t<div class=\"has_ae_slider elementor-column elementor-col-50 elementor-top-column elementor-element elementor-element-2fd1d98 ae-bg-gallery-type-default\" data-id=\"2fd1d98\" data-element_type=\"column\">\n\t\t\t<div class=\"elementor-widget-wrap elementor-element-populated\">\n\t\t\t\t\t\t\t\t<div class=\"elementor-element elementor-element-02e5323 elementor-widget elementor-widget-heading\" data-id=\"02e5323\" data-element_type=\"widget\" data-widget_type=\"heading.default\">\n\t\t\t\t<div class=\"elementor-widget-container\">\n\t\t\t<h2 class=\"elementor-heading-title elementor-size-default\">  Unsere Fahrzeuge<\/h2>\t\t<\/div>\n\t\t\t\t<\/div>\n\t\t\t\t\t<\/div>\n\t\t<\/div>\n\t\t\t\t<div class=\"has_ae_slider elementor-column elementor-col-50 elementor-top-column elementor-element elementor-element-ba1d692 ae-bg-gallery-type-default\" data-id=\"ba1d692\" data-element_type=\"column\">\n\t\t\t<div class=\"elementor-widget-wrap elementor-element-populated\">\n\t\t\t\t\t\t\t\t<div class=\"elementor-element elementor-element-31906f1 elementor-widget elementor-widget-heading\" data-id=\"31906f1\" data-element_type=\"widget\" data-widget_type=\"heading.default\">\n\t\t\t\t<div class=\"elementor-widget-container\">\n\t\t\t<h3 class=\"elementor-heading-title elementor-size-default\">Guter Service bezieht sich auf die Qualit\u00e4t der von einem Unternehmen oder einer Organisation geleisteten Hilfe oder Unterst\u00fctzung, die die Erwartungen der Kunden erf\u00fcllt oder \u00fcbertrifft und zu einem positiven Kundenerlebnis f\u00fchrt.\n\n\n\n\n<\/h3>\t\t<\/div>\n\t\t\t\t<\/div>\n\t\t\t\t\t<\/div>\n\t\t<\/div>\n\t\t\t\t\t\t\t<\/div>\n\t\t<\/section>\n\t\t\t\t<section class=\"has_ae_slider elementor-section elementor-top-section elementor-element elementor-element-89429a5 elementor-section-boxed elementor-section-height-default elementor-section-height-default ae-bg-gallery-type-default\" data-id=\"89429a5\" data-element_type=\"section\">\n\t\t\t\t\t\t<div class=\"elementor-container elementor-column-gap-wider\">\n\t\t\t\t\t<div class=\"has_ae_slider elementor-column elementor-col-100 elementor-top-column elementor-element elementor-element-7c339e62 ae-bg-gallery-type-default\" data-id=\"7c339e62\" data-element_type=\"column\">\n\t\t\t<div class=\"elementor-widget-wrap elementor-element-populated\">\n\t\t\t\t\t\t\t\t<div class=\"elementor-element elementor-element-aee4a1f preserve-img-ratio-cover elementor-widget elementor-widget-the7_elements\" data-id=\"aee4a1f\" data-element_type=\"widget\" data-widget_type=\"the7_elements.default\">\n\t\t\t\t<div class=\"elementor-widget-container\">\n\t\t\t<div class=\"portfolio-shortcode the7-elementor-widget the7_elements-aee4a1f mode-grid dt-css-grid-wrap classic-layout-list description-under-image meta-info-off content-bg-on resize-by-browser-width widget-with-filter loading-effect-none\" data-padding=\"30px\" data-mobile-columns-num=\"1\" data-tablet-columns-num=\"2\" data-desktop-columns-num=\"3\" data-wide-desktop-columns-num=\"3\" data-post-limit=\"-1\" data-pagination-mode=\"standard\" data-scroll-offset=\"\"><div class=\"iso-filter filter-decorations without-isotope css-grid-filter extras-off filter filter-pointer-default show-filter-categories   filter-underline-decoration\"><div class=\"filter-categories\" data-default-order=\"\" data-default-orderby=\"\"><a href=\"https:\/\/fm-viptransfer.ch\/de\/fahrzeugflotte\/\" class=\"show-all filter-item act\" data-filter=\"*\">Alle anzeigen<\/a><a href=\"https:\/\/fm-viptransfer.ch\/de\/fahrzeugflotte\/?term=business-van-klasse\" class=\"filter-item business-van-klasse\" data-filter=\".category-179\">Business VAN-Klasse<\/a><a href=\"https:\/\/fm-viptransfer.ch\/de\/fahrzeugflotte\/?term=economy-klasse\" class=\"filter-item economy-klasse\" data-filter=\".category-149\">Economy-Klasse<\/a><a href=\"https:\/\/fm-viptransfer.ch\/de\/fahrzeugflotte\/?term=erste-klasse\" class=\"filter-item erste-klasse\" data-filter=\".category-157\">Erste Klasse<\/a><a href=\"https:\/\/fm-viptransfer.ch\/de\/fahrzeugflotte\/?term=kompakt\" class=\"filter-item kompakt\" data-filter=\".category-147\">Kompakt<\/a><\/div><\/div><div class=\"dt-css-grid custom-pagination-handler\"><div class=\"visible wf-cell category-179 category-149 category-146\" data-post-id=\"12977\" data-date=\"2023-10-24T21:54:22+01:00\" data-name=\"Ford Tourneo\"><article class=\"post visible post-12977 dt_portfolio type-dt_portfolio status-publish has-post-thumbnail hentry dt_portfolio_category-business-van-klasse dt_portfolio_category-economy-klasse dt_portfolio_category-fahrzeuge dt_portfolio_category-179 dt_portfolio_category-149 dt_portfolio_category-146 description-off\" data-name=\"Ford Tourneo\" data-date=\"2023-10-24T21:54:22+01:00\">\n\n\t<div class=\"post-thumbnail-wrap\">\n\t\t<div class=\"post-thumbnail\">\n\n\t\t\t<a class=\"post-thumbnail-rollover layzr-bg img-css-resize-wrapper\" aria-label=\"Post image\" href=\"https:\/\/fm-viptransfer.ch\/de\/project\/ford-tourneo\/\"><img fetchpriority=\"high\" decoding=\"async\" width=\"640\" height=\"419\" src=\"data:image\/svg+xml,%3Csvg%20xmlns%3D&#039;http%3A%2F%2Fwww.w3.org%2F2000%2Fsvg&#039;%20viewBox%3D&#039;0%200%20640%20419&#039;%2F%3E\" class=\"attachment-full size-full preload-me aspect lazy lazy-load\" alt=\"\" style=\"--ratio: 640 \/ 419;\" data-src=\"https:\/\/fm-viptransfer.ch\/wp-content\/uploads\/2023\/10\/9112022TOURNEO-1-e1698186008636.jpg\" loading=\"eager\" \/><\/a>\n\t\t<\/div>\n\t<\/div>\n\n\n<div class=\"post-entry-content\">\n\n\t<h3 class=\"ele-entry-title\"><a href=\"https:\/\/fm-viptransfer.ch\/de\/project\/ford-tourneo\/\" rel=\"bookmark\" title=\"Ford Tourneo\">Ford Tourneo<\/a><\/h3><div class=\"entry-excerpt\"><p>Der neue Tourneo Custom setzt neue Ma\u00dfst\u00e4be im Segment der Multiaktivit\u00e4tsfahrzeuge. Er kombiniert eine neue Plattform, die auf maximale Vielseitigkeit und Komfort ausgelegt ist, mit ger\u00e4umigen Unterbringungsm\u00f6glichkeiten f\u00fcr bis zu neun Insassen, um sowohl Gesch\u00e4fts- als auch Privatkunden zu bedienen.<\/p>\n<\/div><a href=\"https:\/\/fm-viptransfer.ch\/de\/project\/ford-tourneo\/\" target=\"\" aria-label=\"Read more about Ford Tourneo\" class=\"box-button elementor-button elementor-size-xs\">Spezifikationen<\/a>\n<\/div><\/article><\/div><div class=\"visible wf-cell category-149 category-146\" data-post-id=\"11803\" data-date=\"2023-07-17T14:58:14+01:00\" data-name=\"VW Sharan\"><article class=\"post visible post-11803 dt_portfolio type-dt_portfolio status-publish has-post-thumbnail hentry dt_portfolio_category-economy-klasse dt_portfolio_category-fahrzeuge\" data-name=\"VW Sharan\" data-date=\"2023-07-17T14:58:14+01:00\">\n\n\t<div class=\"post-thumbnail-wrap\">\n\t\t<div class=\"post-thumbnail\">\n\n\t\t\t<a class=\"post-thumbnail-rollover layzr-bg img-css-resize-wrapper\" aria-label=\"Post image\" href=\"https:\/\/fm-viptransfer.ch\/de\/project\/vw-sharan\/\"><img decoding=\"async\" width=\"696\" height=\"386\" src=\"data:image\/svg+xml,%3Csvg%20xmlns%3D&#039;http%3A%2F%2Fwww.w3.org%2F2000%2Fsvg&#039;%20viewBox%3D&#039;0%200%20696%20386&#039;%2F%3E\" class=\"attachment-full size-full preload-me aspect lazy lazy-load\" alt=\"\" sizes=\"(max-width: 696px) 100vw, 696px\" style=\"--ratio: 696 \/ 386;\" data-src=\"https:\/\/fm-viptransfer.ch\/wp-content\/uploads\/2023\/05\/415662_01-e1682991268990.jpg\" loading=\"eager\" data-srcset=\"https:\/\/fm-viptransfer.ch\/wp-content\/uploads\/2023\/05\/415662_01-e1682991268990.jpg 696w, https:\/\/fm-viptransfer.ch\/wp-content\/uploads\/2023\/05\/415662_01-e1682991268990-300x166.jpg 300w, https:\/\/fm-viptransfer.ch\/wp-content\/uploads\/2023\/05\/415662_01-e1682991268990-460x255.jpg 460w\" \/><\/a>\n\t\t<\/div>\n\t<\/div>\n\n\n<div class=\"post-entry-content\">\n\n\t<h3 class=\"ele-entry-title\"><a href=\"https:\/\/fm-viptransfer.ch\/de\/project\/vw-sharan\/\" rel=\"bookmark\" title=\"VW Sharan\">VW Sharan<\/a><\/h3><div class=\"entry-excerpt\"><p>Der Volkswagen Sharan ist ein vielseitiger und ger\u00e4umiger siebensitziger MPV, der ein komfortables und praktisches Fahrerlebnis bietet, ideal f\u00fcr Familien oder diejenigen, die viel Laderaum ben\u00f6tigen.<\/p>\n<\/div><a href=\"https:\/\/fm-viptransfer.ch\/de\/project\/vw-sharan\/\" target=\"\" aria-label=\"Read more about VW Sharan\" class=\"box-button elementor-button elementor-size-xs\">Spezifikationen<\/a>\n<\/div><\/article><\/div><div class=\"visible wf-cell category-147\" data-post-id=\"11826\" data-date=\"2020-02-20T10:05:59+01:00\" data-name=\"Mercedes E-Klasse\"><article class=\"post visible post-11826 dt_portfolio type-dt_portfolio status-publish has-post-thumbnail hentry dt_portfolio_category-kompakt\" data-name=\"Mercedes E-Klasse\" data-date=\"2020-02-20T10:05:59+01:00\">\n\n\t<div class=\"post-thumbnail-wrap\">\n\t\t<div class=\"post-thumbnail\">\n\n\t\t\t<a class=\"post-thumbnail-rollover layzr-bg img-css-resize-wrapper\" aria-label=\"Post image\" href=\"https:\/\/fm-viptransfer.ch\/de\/project\/mercedes-e-klasse\/\"><img decoding=\"async\" width=\"709\" height=\"400\" src=\"data:image\/svg+xml,%3Csvg%20xmlns%3D&#039;http%3A%2F%2Fwww.w3.org%2F2000%2Fsvg&#039;%20viewBox%3D&#039;0%200%20709%20400&#039;%2F%3E\" class=\"attachment-full size-full preload-me aspect lazy lazy-load\" alt=\"\" sizes=\"(max-width: 709px) 100vw, 709px\" style=\"--ratio: 709 \/ 400;\" data-src=\"https:\/\/fm-viptransfer.ch\/wp-content\/uploads\/2023\/04\/s-e1689558992197.png\" loading=\"eager\" data-srcset=\"https:\/\/fm-viptransfer.ch\/wp-content\/uploads\/2023\/04\/s-e1689558992197.png 709w, https:\/\/fm-viptransfer.ch\/wp-content\/uploads\/2023\/04\/s-e1689558992197-300x169.png 300w, https:\/\/fm-viptransfer.ch\/wp-content\/uploads\/2023\/04\/s-e1689558992197-460x260.png 460w\" \/><\/a>\n\t\t<\/div>\n\t<\/div>\n\n\n<div class=\"post-entry-content\">\n\n\t<h3 class=\"ele-entry-title\"><a href=\"https:\/\/fm-viptransfer.ch\/de\/project\/mercedes-e-klasse\/\" rel=\"bookmark\" title=\"Mercedes E-Klasse\">Mercedes E-Klasse<\/a><\/h3><div class=\"entry-excerpt\"><p>Die E-Klasse ist eine Mittelklasse-Luxuslimousine von Mercedes-Benz, die f\u00fcr ihr anspruchsvolles Styling, ihre innovative Technologie und ihren Fahrkomfort bekannt ist.<\/p>\n<\/div><a href=\"https:\/\/fm-viptransfer.ch\/de\/project\/mercedes-e-klasse\/\" target=\"\" aria-label=\"Read more about Mercedes E-Klasse\" class=\"box-button elementor-button elementor-size-xs\">Spezifikationen<\/a>\n<\/div><\/article><\/div><div class=\"visible wf-cell category-179 category-146 category-147\" data-post-id=\"11789\" data-date=\"2020-02-19T23:06:13+01:00\" data-name=\"Mercedes V-Klasse\"><article class=\"post visible post-11789 dt_portfolio type-dt_portfolio status-publish has-post-thumbnail hentry dt_portfolio_category-business-van-klasse dt_portfolio_category-fahrzeuge dt_portfolio_category-kompakt\" data-name=\"Mercedes V-Klasse\" data-date=\"2020-02-19T23:06:13+01:00\">\n\n\t<div class=\"post-thumbnail-wrap\">\n\t\t<div class=\"post-thumbnail\">\n\n\t\t\t<a class=\"post-thumbnail-rollover layzr-bg img-css-resize-wrapper\" aria-label=\"Post image\" href=\"https:\/\/fm-viptransfer.ch\/de\/project\/mercedes-v-klasse\/\"><img decoding=\"async\" width=\"709\" height=\"400\" src=\"data:image\/svg+xml,%3Csvg%20xmlns%3D&#039;http%3A%2F%2Fwww.w3.org%2F2000%2Fsvg&#039;%20viewBox%3D&#039;0%200%20709%20400&#039;%2F%3E\" class=\"attachment-full size-full preload-me aspect lazy lazy-load\" alt=\"\" sizes=\"(max-width: 709px) 100vw, 709px\" style=\"--ratio: 709 \/ 400;\" data-src=\"https:\/\/fm-viptransfer.ch\/wp-content\/uploads\/2023\/04\/kombi.png\" loading=\"eager\" data-srcset=\"https:\/\/fm-viptransfer.ch\/wp-content\/uploads\/2023\/04\/kombi.png 709w, https:\/\/fm-viptransfer.ch\/wp-content\/uploads\/2023\/04\/kombi-300x169.png 300w, https:\/\/fm-viptransfer.ch\/wp-content\/uploads\/2023\/04\/kombi-460x260.png 460w\" \/><\/a>\n\t\t<\/div>\n\t<\/div>\n\n\n<div class=\"post-entry-content\">\n\n\t<h3 class=\"ele-entry-title\"><a href=\"https:\/\/fm-viptransfer.ch\/de\/project\/mercedes-v-klasse\/\" rel=\"bookmark\" title=\"Mercedes V-Klasse\">Mercedes V-Klasse<\/a><\/h3><div class=\"entry-excerpt\"><p>Die Mercedes V-Klasse ist ein luxuri\u00f6ses Mehrzweckfahrzeug (MPV), das Zweckm\u00e4\u00dfigkeit und Komfort vereint und sowohl den Fahrg\u00e4sten als auch dem Fahrer viel Platz und fortschrittliche Funktionen bietet.<\/p>\n<\/div><a href=\"https:\/\/fm-viptransfer.ch\/de\/project\/mercedes-v-klasse\/\" target=\"\" aria-label=\"Read more about Mercedes V-Klasse\" class=\"box-button elementor-button elementor-size-xs\">Spezifikationen<\/a>\n<\/div><\/article><\/div><div class=\"visible wf-cell category-157 category-146\" data-post-id=\"11841\" data-date=\"2020-02-18T09:32:38+01:00\" data-name=\"Mercedes S-Klasse\"><article class=\"post visible post-11841 dt_portfolio type-dt_portfolio status-publish has-post-thumbnail hentry dt_portfolio_category-erste-klasse dt_portfolio_category-fahrzeuge\" data-name=\"Mercedes S-Klasse\" data-date=\"2020-02-18T09:32:38+01:00\">\n\n\t<div class=\"post-thumbnail-wrap\">\n\t\t<div class=\"post-thumbnail\">\n\n\t\t\t<a class=\"post-thumbnail-rollover layzr-bg img-css-resize-wrapper\" aria-label=\"Post image\" href=\"https:\/\/fm-viptransfer.ch\/de\/project\/mercedes-s-klasse\/\"><img decoding=\"async\" width=\"709\" height=\"400\" src=\"data:image\/svg+xml,%3Csvg%20xmlns%3D&#039;http%3A%2F%2Fwww.w3.org%2F2000%2Fsvg&#039;%20viewBox%3D&#039;0%200%20709%20400&#039;%2F%3E\" class=\"attachment-full size-full preload-me aspect lazy lazy-load\" alt=\"\" sizes=\"(max-width: 709px) 100vw, 709px\" style=\"--ratio: 709 \/ 400;\" data-src=\"https:\/\/fm-viptransfer.ch\/wp-content\/uploads\/2023\/04\/ss.png\" loading=\"eager\" data-srcset=\"https:\/\/fm-viptransfer.ch\/wp-content\/uploads\/2023\/04\/ss.png 709w, https:\/\/fm-viptransfer.ch\/wp-content\/uploads\/2023\/04\/ss-300x169.png 300w, https:\/\/fm-viptransfer.ch\/wp-content\/uploads\/2023\/04\/ss-460x260.png 460w\" \/><\/a>\n\t\t<\/div>\n\t<\/div>\n\n\n<div class=\"post-entry-content\">\n\n\t<h3 class=\"ele-entry-title\"><a href=\"https:\/\/fm-viptransfer.ch\/de\/project\/mercedes-s-klasse\/\" rel=\"bookmark\" title=\"Mercedes S-Klasse\">Mercedes S-Klasse<\/a><\/h3><div class=\"entry-excerpt\"><p>Die Mercedes S-Klasse ist ein Flaggschiff der Luxuslimousine, das den Standard f\u00fcr Komfort, Leistung und fortschrittliche Technologie setzt und sich an die anspruchsvollsten K\u00e4ufer richtet.<\/p>\n<\/div><a href=\"https:\/\/fm-viptransfer.ch\/de\/project\/mercedes-s-klasse\/\" target=\"\" aria-label=\"Read more about Mercedes S-Klasse\" class=\"box-button elementor-button elementor-size-xs\">Spezifikationen<\/a>\n<\/div><\/article><\/div><div class=\"visible wf-cell category-179 category-146\" data-post-id=\"11817\" data-date=\"2020-02-17T14:48:27+01:00\" data-name=\"Mercedes Sprinter\"><article class=\"post visible post-11817 dt_portfolio type-dt_portfolio status-publish has-post-thumbnail hentry dt_portfolio_category-business-van-klasse dt_portfolio_category-fahrzeuge\" data-name=\"Mercedes Sprinter\" data-date=\"2020-02-17T14:48:27+01:00\">\n\n\t<div class=\"post-thumbnail-wrap\">\n\t\t<div class=\"post-thumbnail\">\n\n\t\t\t<a class=\"post-thumbnail-rollover layzr-bg img-css-resize-wrapper\" aria-label=\"Post image\" href=\"https:\/\/fm-viptransfer.ch\/de\/project\/mercedes-sprinter\/\"><img decoding=\"async\" width=\"640\" height=\"480\" src=\"data:image\/svg+xml,%3Csvg%20xmlns%3D&#039;http%3A%2F%2Fwww.w3.org%2F2000%2Fsvg&#039;%20viewBox%3D&#039;0%200%20640%20480&#039;%2F%3E\" class=\"attachment-full size-full preload-me aspect lazy lazy-load\" alt=\"\" sizes=\"(max-width: 640px) 100vw, 640px\" style=\"--ratio: 640 \/ 480;\" data-src=\"https:\/\/fm-viptransfer.ch\/wp-content\/uploads\/2020\/02\/sprinter15high.png\" loading=\"eager\" data-srcset=\"https:\/\/fm-viptransfer.ch\/wp-content\/uploads\/2020\/02\/sprinter15high.png 640w, https:\/\/fm-viptransfer.ch\/wp-content\/uploads\/2020\/02\/sprinter15high-300x225.png 300w, https:\/\/fm-viptransfer.ch\/wp-content\/uploads\/2020\/02\/sprinter15high-408x306.png 408w\" \/><\/a>\n\t\t<\/div>\n\t<\/div>\n\n\n<div class=\"post-entry-content\">\n\n\t<h3 class=\"ele-entry-title\"><a href=\"https:\/\/fm-viptransfer.ch\/de\/project\/mercedes-sprinter\/\" rel=\"bookmark\" title=\"Mercedes Sprinter\">Mercedes Sprinter<\/a><\/h3><div class=\"entry-excerpt\"><p>Der Mercedes-Benz Sprinter ist ein \u00e4u\u00dferst anpassungsf\u00e4higer und zuverl\u00e4ssiger Transporter, der Unternehmen jeder Gr\u00f6\u00dfe eine beeindruckende Ladekapazit\u00e4t und fortschrittliche Funktionen bietet.<\/p>\n<\/div><a href=\"https:\/\/fm-viptransfer.ch\/de\/project\/mercedes-sprinter\/\" target=\"\" aria-label=\"Read more about Mercedes Sprinter\" class=\"box-button elementor-button elementor-size-xs\">Spezifikationen<\/a>\n<\/div><\/article><\/div><\/div><!-- iso-container|iso-grid --><\/div>\t\t<\/div>\n\t\t\t\t<\/div>\n\t\t\t\t\t<\/div>\n\t\t<\/div>\n\t\t\t\t\t\t\t<\/div>\n\t\t<\/section>\n\t\t\t\t\t\t\t<\/div>\n\t\t","protected":false},"excerpt":{"rendered":"<p>Unsere Fahrzeuge Guter Service bezieht sich auf die Qualit\u00e4t der von einem Unternehmen oder einer Organisation geleisteten Hilfe oder Unterst\u00fctzung, die die Erwartungen der Kunden erf\u00fcllt oder \u00fcbertrifft und zu einem positiven Kundenerlebnis f\u00fchrt. Alle anzeigenBusiness ClassEconomy ClassFirst ClassBusiness VAN Class VW Sharan The Volkswagen Sharan is a versatile and spacious seven-seater MPV that offers&hellip;<\/p>\n","protected":false},"author":1,"featured_media":0,"parent":0,"menu_order":30,"comment_status":"closed","ping_status":"closed","template":"elementor_header_footer","meta":{"_joinchat":[],"footnotes":""},"class_list":["post-11745","page","type-page","status-publish","hentry"],"yoast_head":"<!-- This site is optimized with the Yoast SEO Premium plugin v20.12 (Yoast SEO v20.12) - https:\/\/yoast.com\/wordpress\/plugins\/seo\/ -->\n<title>Fahrzeugflotte - Taxi Booking<\/title>\n<meta name=\"robots\" content=\"index, follow, max-snippet:-1, max-image-preview:large, max-video-preview:-1\" \/>\n<link rel=\"canonical\" href=\"https:\/\/fm-viptransfer.ch\/vehicle-fleet\/\" \/>\n<meta property=\"og:locale\" content=\"de_DE\" \/>\n<meta property=\"og:type\" content=\"article\" \/>\n<meta property=\"og:title\" content=\"Fahrzeugflotte\" \/>\n<meta property=\"og:description\" content=\"Unsere Fahrzeuge Guter Service bezieht sich auf die Qualit\u00e4t der von einem Unternehmen oder einer Organisation geleisteten Hilfe oder Unterst\u00fctzung, die die Erwartungen der Kunden erf\u00fcllt oder \u00fcbertrifft und zu einem positiven Kundenerlebnis f\u00fchrt. Alle anzeigenBusiness ClassEconomy ClassFirst ClassBusiness VAN Class VW Sharan The Volkswagen Sharan is a versatile and spacious seven-seater MPV that offers&hellip;\" \/>\n<meta property=\"og:url\" content=\"https:\/\/fm-viptransfer.ch\/vehicle-fleet\/\" \/>\n<meta property=\"og:site_name\" content=\"Taxi Booking\" \/>\n<meta property=\"article:modified_time\" content=\"2023-08-02T01:48:48+00:00\" \/>\n<meta name=\"twitter:card\" content=\"summary_large_image\" \/>\n<meta name=\"twitter:label1\" content=\"Gesch\u00e4tzte Lesezeit\" \/>\n\t<meta name=\"twitter:data1\" content=\"1\u00a0Minute\" \/>\n<script type=\"application\/ld+json\" class=\"yoast-schema-graph\">{\"@context\":\"https:\/\/schema.org\",\"@graph\":[{\"@type\":\"WebPage\",\"@id\":\"https:\/\/fm-viptransfer.ch\/vehicle-fleet\/\",\"url\":\"https:\/\/fm-viptransfer.ch\/vehicle-fleet\/\",\"name\":\"Fahrzeugflotte - Taxi Booking\",\"isPartOf\":{\"@id\":\"https:\/\/fm-viptransfer.ch\/#website\"},\"datePublished\":\"2020-02-15T10:36:19+00:00\",\"dateModified\":\"2023-08-02T01:48:48+00:00\",\"breadcrumb\":{\"@id\":\"https:\/\/fm-viptransfer.ch\/vehicle-fleet\/#breadcrumb\"},\"inLanguage\":\"de\",\"potentialAction\":[{\"@type\":\"ReadAction\",\"target\":[\"https:\/\/fm-viptransfer.ch\/vehicle-fleet\/\"]}]},{\"@type\":\"BreadcrumbList\",\"@id\":\"https:\/\/fm-viptransfer.ch\/vehicle-fleet\/#breadcrumb\",\"itemListElement\":[{\"@type\":\"ListItem\",\"position\":1,\"name\":\"Home\",\"item\":\"https:\/\/fm-viptransfer.ch\/\"},{\"@type\":\"ListItem\",\"position\":2,\"name\":\"Fahrzeugflotte\"}]},{\"@type\":\"WebSite\",\"@id\":\"https:\/\/fm-viptransfer.ch\/#website\",\"url\":\"https:\/\/fm-viptransfer.ch\/\",\"name\":\"Taxi Booking\",\"description\":\"To book a taxi is easy. Book your taxi whenever you want. Fill the form\",\"publisher\":{\"@id\":\"https:\/\/fm-viptransfer.ch\/#organization\"},\"potentialAction\":[{\"@type\":\"SearchAction\",\"target\":{\"@type\":\"EntryPoint\",\"urlTemplate\":\"https:\/\/fm-viptransfer.ch\/?s={search_term_string}\"},\"query-input\":\"required name=search_term_string\"}],\"inLanguage\":\"de\"},{\"@type\":[\"Organization\",\"Place\"],\"@id\":\"https:\/\/fm-viptransfer.ch\/#organization\",\"name\":\"Taxi Booking\",\"url\":\"https:\/\/fm-viptransfer.ch\/\",\"logo\":{\"@id\":\"https:\/\/fm-viptransfer.ch\/vehicle-fleet\/#local-main-organization-logo\"},\"image\":{\"@id\":\"https:\/\/fm-viptransfer.ch\/vehicle-fleet\/#local-main-organization-logo\"},\"openingHoursSpecification\":[{\"@type\":\"OpeningHoursSpecification\",\"dayOfWeek\":[\"Monday\",\"Tuesday\",\"Wednesday\",\"Thursday\",\"Friday\",\"Saturday\",\"Sunday\"],\"opens\":\"09:00\",\"closes\":\"17:00\"}]},{\"@type\":\"ImageObject\",\"inLanguage\":\"de\",\"@id\":\"https:\/\/fm-viptransfer.ch\/vehicle-fleet\/#local-main-organization-logo\",\"url\":\"https:\/\/fm-viptransfer.ch\/wp-content\/uploads\/2023\/03\/cropped-og-myworld.jpg\",\"contentUrl\":\"https:\/\/fm-viptransfer.ch\/wp-content\/uploads\/2023\/03\/cropped-og-myworld.jpg\",\"width\":1180,\"height\":317,\"caption\":\"Taxi Booking\"}]}<\/script>\n<!-- \/ Yoast SEO Premium plugin. -->","yoast_head_json":{"title":"Fahrzeugflotte - Taxi Booking","robots":{"index":"index","follow":"follow","max-snippet":"max-snippet:-1","max-image-preview":"max-image-preview:large","max-video-preview":"max-video-preview:-1"},"canonical":"https:\/\/fm-viptransfer.ch\/vehicle-fleet\/","og_locale":"de_DE","og_type":"article","og_title":"Fahrzeugflotte","og_description":"Unsere Fahrzeuge Guter Service bezieht sich auf die Qualit\u00e4t der von einem Unternehmen oder einer Organisation geleisteten Hilfe oder Unterst\u00fctzung, die die Erwartungen der Kunden erf\u00fcllt oder \u00fcbertrifft und zu einem positiven Kundenerlebnis f\u00fchrt. Alle anzeigenBusiness ClassEconomy ClassFirst ClassBusiness VAN Class VW Sharan The Volkswagen Sharan is a versatile and spacious seven-seater MPV that offers&hellip;","og_url":"https:\/\/fm-viptransfer.ch\/vehicle-fleet\/","og_site_name":"Taxi Booking","article_modified_time":"2023-08-02T01:48:48+00:00","twitter_card":"summary_large_image","twitter_misc":{"Gesch\u00e4tzte Lesezeit":"1\u00a0Minute"},"schema":{"@context":"https:\/\/schema.org","@graph":[{"@type":"WebPage","@id":"https:\/\/fm-viptransfer.ch\/vehicle-fleet\/","url":"https:\/\/fm-viptransfer.ch\/vehicle-fleet\/","name":"Fahrzeugflotte - Taxi Booking","isPartOf":{"@id":"https:\/\/fm-viptransfer.ch\/#website"},"datePublished":"2020-02-15T10:36:19+00:00","dateModified":"2023-08-02T01:48:48+00:00","breadcrumb":{"@id":"https:\/\/fm-viptransfer.ch\/vehicle-fleet\/#breadcrumb"},"inLanguage":"de","potentialAction":[{"@type":"ReadAction","target":["https:\/\/fm-viptransfer.ch\/vehicle-fleet\/"]}]},{"@type":"BreadcrumbList","@id":"https:\/\/fm-viptransfer.ch\/vehicle-fleet\/#breadcrumb","itemListElement":[{"@type":"ListItem","position":1,"name":"Home","item":"https:\/\/fm-viptransfer.ch\/"},{"@type":"ListItem","position":2,"name":"Fahrzeugflotte"}]},{"@type":"WebSite","@id":"https:\/\/fm-viptransfer.ch\/#website","url":"https:\/\/fm-viptransfer.ch\/","name":"Taxi Booking","description":"To book a taxi is easy. Book your taxi whenever you want. Fill the form","publisher":{"@id":"https:\/\/fm-viptransfer.ch\/#organization"},"potentialAction":[{"@type":"SearchAction","target":{"@type":"EntryPoint","urlTemplate":"https:\/\/fm-viptransfer.ch\/?s={search_term_string}"},"query-input":"required name=search_term_string"}],"inLanguage":"de"},{"@type":["Organization","Place"],"@id":"https:\/\/fm-viptransfer.ch\/#organization","name":"Taxi Booking","url":"https:\/\/fm-viptransfer.ch\/","logo":{"@id":"https:\/\/fm-viptransfer.ch\/vehicle-fleet\/#local-main-organization-logo"},"image":{"@id":"https:\/\/fm-viptransfer.ch\/vehicle-fleet\/#local-main-organization-logo"},"openingHoursSpecification":[{"@type":"OpeningHoursSpecification","dayOfWeek":["Monday","Tuesday","Wednesday","Thursday","Friday","Saturday","Sunday"],"opens":"09:00","closes":"17:00"}]},{"@type":"ImageObject","inLanguage":"de","@id":"https:\/\/fm-viptransfer.ch\/vehicle-fleet\/#local-main-organization-logo","url":"https:\/\/fm-viptransfer.ch\/wp-content\/uploads\/2023\/03\/cropped-og-myworld.jpg","contentUrl":"https:\/\/fm-viptransfer.ch\/wp-content\/uploads\/2023\/03\/cropped-og-myworld.jpg","width":1180,"height":317,"caption":"Taxi Booking"}]}},"_links":{"self":[{"href":"https:\/\/fm-viptransfer.ch\/de\/wp-json\/wp\/v2\/pages\/11745","targetHints":{"allow":["GET"]}}],"collection":[{"href":"https:\/\/fm-viptransfer.ch\/de\/wp-json\/wp\/v2\/pages"}],"about":[{"href":"https:\/\/fm-viptransfer.ch\/de\/wp-json\/wp\/v2\/types\/page"}],"author":[{"embeddable":true,"href":"https:\/\/fm-viptransfer.ch\/de\/wp-json\/wp\/v2\/users\/1"}],"replies":[{"embeddable":true,"href":"https:\/\/fm-viptransfer.ch\/de\/wp-json\/wp\/v2\/comments?post=11745"}],"version-history":[{"count":3,"href":"https:\/\/fm-viptransfer.ch\/de\/wp-json\/wp\/v2\/pages\/11745\/revisions"}],"predecessor-version":[{"id":12614,"href":"https:\/\/fm-viptransfer.ch\/de\/wp-json\/wp\/v2\/pages\/11745\/revisions\/12614"}],"wp:attachment":[{"href":"https:\/\/fm-viptransfer.ch\/de\/wp-json\/wp\/v2\/media?parent=11745"}],"curies":[{"name":"wp","href":"https:\/\/api.w.org\/{rel}","templated":true}]}}